{"id":4469,"date":"2025-04-18T20:52:03","date_gmt":"2025-04-18T20:52:03","guid":{"rendered":"https:\/\/stagepro.rs\/datenschutzerklaerung\/"},"modified":"2025-05-20T01:47:46","modified_gmt":"2025-05-20T01:47:46","slug":"datenschutzerklaerung","status":"publish","type":"page","link":"https:\/\/stagepro.rs\/de\/datenschutzerklaerung\/","title":{"rendered":"Datenschutzerkl\u00e4rung"},"content":{"rendered":"<section class=\"l-section wpb_row height_medium\"><div class=\"l-section-h i-cf\"><div class=\"g-cols vc_row via_grid cols_1 laptops-cols_inherit tablets-cols_inherit mobiles-cols_1 valign_top type_default stacking_default\"><div class=\"wpb_column vc_column_container\"><div class=\"vc_column-inner\"><div class=\"wpb_text_column\"><div class=\"wpb_wrapper\"><p>DATENSCHUTZPOLITIK<\/p>\n<p>Wir nehmen den Schutz Ihrer Daten ernst. Unsere Datenschutzpolitik ist so konzipiert, dass Sie \u00fcber unsere Praktiken hinsichtlich der Erfassung, Verwendung und Weitergabe der Daten, die Sie uns beim Zugriff auf www.stagepro.rs zur Verf\u00fcgung stellen, informiert sind.<\/p>\n<p>Bitte machen Sie sich mit den Regeln der Datenschutzpolitik vertraut, denn jede Nutzung dieser Website bedeutet, dass Sie die in diesem Dokument genannten Bedingungen akzeptieren. Indem Sie auf unsere Website zugreifen, best\u00e4tigen Sie Ihr Einverst\u00e4ndnis mit der Verbindlichkeit dieser Datenschutzbestimmungen und erkl\u00e4ren sich mit der Erfassung, Verwendung und Weitergabe von Informationen \u00fcber Sie in \u00dcbereinstimmung mit diesen Datenschutzbestimmungen einverstanden.<\/p>\n<p>Die Informationen, die wir sammeln und verarbeiten k\u00f6nnen, sind die folgenden:<\/p>\n<ul>\n<li>Informationen, anhand derer Sie pers\u00f6nlich identifiziert werden k\u00f6nnen, wie z. B. Vorname, Nachname, Postanschrift, E-Mail-Adresse, Telefonnummer (im Folgenden: personenbezogene Daten)<\/li>\n<li>Informationen, die sich auf Sie beziehen, Sie aber nicht als Einzelperson identifizieren (z. B. IP-Adresse)<\/li>\n<li>Informationen \u00fcber Ihre Internetverbindung, das Ger\u00e4t, mit dem Sie auf unsere Website zugreifen, und Nutzungsdaten<\/li>\n<\/ul>\n<p>Wie wir Daten sammeln<\/p>\n<p>Wir sammeln Daten \u00fcber Sie auf verschiedene Weise: direkt, wenn Sie sie uns zur Verf\u00fcgung stellen oder automatisch, w\u00e4hrend Sie die Website nutzen. Wir erheben nur die personenbezogenen Daten, die Sie uns zur Verf\u00fcgung stellen wollen oder die notwendig sind, um Ihnen Dienstleistungen anzubieten oder zu verbessern. Sie sind nicht verpflichtet, uns pers\u00f6nliche Daten zur Verf\u00fcgung zu stellen, aber in diesem Fall besteht die M\u00f6glichkeit, dass Sie nicht alle Inhalte der Website nutzen k\u00f6nnen. Direkte personenbezogene Daten wie Vorname, Nachname, Adresse, E-Mail-Adresse, Telefonnummer und dergleichen werden von uns nur erhoben, wenn Sie uns diese zur Verf\u00fcgung stellen.<\/p>\n<p>Personenbezogene Daten<\/p>\n<p>Zu den personenbezogenen Daten, die wir auf oder \u00fcber unsere Website erfassen, k\u00f6nnen auch Informationen geh\u00f6ren, die Sie uns zur Verf\u00fcgung stellen:<\/p>\n<ul>\n<li>durch das Ausf\u00fcllen oder Verwenden von Formularen auf der Website (z. B. die Seite &#8222;Kontakt&#8220;),<\/li>\n<li>bei der Anmeldung zum Wettbewerb,<\/li>\n<li>andere Informationen, die Sie uns in irgendeiner Weise zur Verf\u00fcgung stellen<\/li>\n<\/ul>\n<p>Zu den personenbezogenen Daten, die wir auf unserer Website oder \u00fcber die Website erfassen, k\u00f6nnen Aufzeichnungen und Kopien unserer gegenseitigen Korrespondenz (einschlie\u00dflich E-Mail-Adressen) geh\u00f6ren, wenn Sie mit uns Kontakt aufnehmen, Ihre Antworten auf Umfragen, wenn wir Sie bitten, diese zu Forschungszwecken auszuf\u00fcllen, sowie Ihre Suchvorg\u00e4nge auf unserer Website.<\/p>\n<p><strong>Automatische Datenerfassung<\/strong><\/p>\n<p>W\u00e4hrend Sie die Website nutzen, k\u00f6nnen wir automatisch Daten sammeln, die Nutzungsdetails, IP-Adressen und Informationen umfassen, die durch Cookies und andere Tracking-Technologien gesammelt werden. Durch den Zugriff auf unsere Website erkl\u00e4ren Sie sich damit einverstanden, dass wir diese Daten automatisch erfassen und verarbeiten.<\/p>\n<p>Bei den Daten, die wir automatisch erfassen k\u00f6nnen, wenn Sie auf die Website zugreifen, w\u00e4hrend Sie auf der Website browsen und aktiv sind, handelt es sich um bestimmte Informationen \u00fcber Ihre Ausr\u00fcstung, Aktivit\u00e4ten und Browsing-Muster, darunter:<\/p>\n<ul>\n<li>Einzelheiten \u00fcber Ihre Besuche auf unserer Website, einschlie\u00dflich Verkehrsdaten, Standortdaten, Aufzeichnungen und andere Daten \u00fcber die Kommunikation und Ressourcen, auf die Sie zugreifen und die Sie auf der Website nutzen;<\/li>\n<li>Informationen \u00fcber Ihren Computer und Ihre Internetverbindung, einschlie\u00dflich Ihrer IP-Adresse, Ihres Betriebssystems und Ihres Browsertyps.<\/li>\n<\/ul>\n<p>Die Informationen, die wir automatisch sammeln, sind statistische Daten. Sie helfen uns, die Website zu verbessern und einen besseren und pers\u00f6nlicheren Service zu bieten, indem sie es uns erm\u00f6glichen, die Anzahl unserer Besucher und ihr Nutzungsverhalten abzusch\u00e4tzen, Informationen \u00fcber Ihre Pr\u00e4ferenzen zu speichern, die es uns erm\u00f6glichen, die Website auf Ihre Interessen zuzuschneiden, Ihre Suche zu beschleunigen, Sie zu erkennen, wenn Sie die Website erneut besuchen, und zu analysieren, wie die Nutzer die Website f\u00fcr interne Marketing- und Forschungszwecke nutzen.<\/p>\n<p><strong>Wie wir Ihre Informationen verwenden<\/strong><\/p>\n<p>Wir verwenden die Informationen, die wir \u00fcber Sie sammeln oder die Sie uns zur Verf\u00fcgung stellen, einschlie\u00dflich aller personenbezogenen Daten:<\/p>\n<ul>\n<li>um Ihnen unsere Website und deren Inhalt zu pr\u00e4sentieren;<\/li>\n<li>um Ihnen Informationen oder Dienstleistungen zukommen zu lassen, die Sie von uns angefordert haben;<\/li>\n<li>um Ihnen Benachrichtigungen zukommen zu lassen;<\/li>\n<li>um unsere Verpflichtungen zu erf\u00fcllen und Rechte durchzusetzen, die sich aus einem Vertrag ergeben, den Sie mit uns geschlossen haben;<\/li>\n<li>um Sie \u00fcber \u00c4nderungen an unserer Website oder an einem Projekt oder einer Dienstleistung, die wir anbieten, zu informieren;<\/li>\n<li>um Sie bez\u00fcglich der Projekte und Dienstleistungen, die wir anbieten, zu kontaktieren, die f\u00fcr Sie von Interesse sein k\u00f6nnten<\/li>\n<li>f\u00fcr jeden anderen Zweck, mit Ihrer Zustimmung.<\/li>\n<\/ul>\n<p><strong>Gew\u00e4hrleistung der Sicherheit Ihrer pers\u00f6nlichen Informationen und anderer Daten<\/strong><\/p>\n<p>Stage Pro doo ergreift alle erforderlichen Ma\u00dfnahmen, um die Sicherheit Ihrer personenbezogenen Daten zu gew\u00e4hrleisten. Zu diesem Zweck haben nur autorisierte Mitarbeiter von Stage Pro doo und von Unternehmen, die als Dienstleister t\u00e4tig sind, Zugang zu Ihren pers\u00f6nlichen Daten, die alle zur Geheimhaltung verpflichtet sind.<\/p>\n<p>Um Ihre Daten zu sch\u00fctzen, haben wir Mechanismen eingerichtet, die es Ihnen erm\u00f6glichen, Ihre Daten zu verwalten, indem Sie Ihren Browser so einstellen, dass alle oder einige Browser-Cookies abgelehnt werden oder dass Sie gewarnt werden, wenn Cookies gesendet werden. Wenn Sie Cookies deaktivieren oder ablehnen, beachten Sie bitte, dass einige Teile dieser Website m\u00f6glicherweise nicht verf\u00fcgbar sind oder nicht richtig funktionieren. Dar\u00fcber hinaus ergreifen wir Ma\u00dfnahmen, um Ihre pers\u00f6nlichen Daten vor versehentlichem Verlust und unbefugtem Zugriff, unbefugter Nutzung, \u00c4nderung und Offenlegung zu sch\u00fctzen. Alle Informationen, die Sie uns zur Verf\u00fcgung stellen, werden auf unseren sicheren Servern mit Firewalls gespeichert.<\/p>\n<p>&nbsp;<\/p>\n<p>Der Schutz und die Sicherheit Ihrer Daten h\u00e4ngt auch von Ihnen ab. Wenn Sie ein Passwort f\u00fcr den Zugang zu bestimmten Bereichen unserer Website (B2B-Portal) erhalten (oder gew\u00e4hlt) haben, sollten Sie dieses Passwort geheim halten. Bitte geben Sie Ihr Passwort nicht an Dritte weiter.<\/p>\n<p>Die \u00dcbertragung von Informationen \u00fcber das Internet ist nicht v\u00f6llig sicher. Obwohl wir unser Bestes tun, um Ihre pers\u00f6nlichen Daten zu sch\u00fctzen, k\u00f6nnen wir die Sicherheit Ihrer pers\u00f6nlichen Daten, die Sie auf unserer Website eingeben, nicht garantieren. Jegliche \u00dcbermittlung personenbezogener Daten erfolgt auf eigene Gefahr. Wir sind nicht verantwortlich, wenn Sie Ihre Privatsph\u00e4re nicht einstellen oder die auf der Website vorgesehenen Sicherheitsma\u00dfnahmen nicht ber\u00fccksichtigen.<\/p>\n<p><strong>Weitergabe Ihrer Informationen<\/strong><\/p>\n<p>Stage Pro doo wird Ihre pers\u00f6nlichen Daten niemals an Dritte weitergeben, die diese f\u00fcr direkte Marketingzwecke oder zu anderen Zwecken nutzen wollen.<\/p>\n<p>Wir k\u00f6nnen zusammengefasste Informationen \u00fcber unsere Nutzer sowie nicht pers\u00f6nlich identifizierbare Informationen ohne Einschr\u00e4nkung weitergeben.<\/p>\n<p>Wir k\u00f6nnen personenbezogene Daten, die wir sammeln oder die Sie uns zur Verf\u00fcgung stellen, wie in dieser Datenschutzrichtlinie dargelegt, weitergeben:<\/p>\n<ul>\n<li>um den Zweck zu erf\u00fcllen, f\u00fcr den Sie die Informationen \u00fcbermittelt haben;<\/li>\n<li>f\u00fcr andere Zwecke mit Ihrer Zustimmung.<\/li>\n<\/ul>\n<p>Dar\u00fcber hinaus k\u00f6nnen wir Ihre personenbezogenen Daten offenlegen:<\/p>\n<ul>\n<li>wenn wir verpflichtet sind, Ihre personenbezogenen Daten offenzulegen oder weiterzugeben, um einer rechtlichen Verpflichtung nachzukommen (z. B. wenn wir eine gerichtliche Anordnung dazu erhalten)<\/li>\n<\/ul>\n<p>Zugang zu Ihren Daten und deren \u00c4nderung<\/p>\n<p>Sie k\u00f6nnen die Aktualisierung Ihrer bei uns gespeicherten personenbezogenen Daten beantragen, indem Sie uns unter info@stagepro.rs kontaktieren. Wenn Sie nicht m\u00f6chten, dass wir Ihre E-Mail-Adresse oder Ihre Kontaktdaten verwenden, um f\u00fcr unsere eigenen Projekte und Dienstleistungen oder die Projekte und Dienstleistungen Dritter zu werben, k\u00f6nnen Sie sich abmelden, indem Sie uns eine E-Mail an info@stagepro.rs schicken und Ihren Wunsch mitteilen.<\/p>\n<p><strong>Andere Internet-Seiten<\/strong><\/p>\n<p>Unsere Website kann Links zu anderen Websites enthalten, die nicht unter unserer Kontrolle stehen und nicht dieser Datenschutzrichtlinie unterliegen, was bedeutet, dass diese Datenschutzrichtlinie nicht f\u00fcr diese Websites gilt, und wir empfehlen Ihnen daher, die Datenschutzrichtlinie jeder Website, die Sie besuchen, sorgf\u00e4ltig zu lesen. Wenn Sie \u00fcber die bereitgestellten Links auf andere Websites zugreifen, k\u00f6nnen die Betreiber dieser Websites Informationen von Ihnen anfordern, die sie gem\u00e4\u00df ihren Datenschutzrichtlinien verwenden, die sich von den unseren unterscheiden k\u00f6nnen.<\/p>\n<p><strong>Verwendung des Tools Google Maps<\/strong><\/p>\n<p>Auf unserer Website verwenden wir Google Maps (API) von Google LLC, 1600 Amphitheater Parkway, Mountain View, CA 94043, USA (\u201eGoogle\u201c). Google Maps ist ein Webdienst, der interaktive (topografische) Karten mit dem Ziel der visuellen Darstellung von geografischen Informationen anzeigt. Durch die Nutzung dieses Dienstes wird Ihnen unser Standort angezeigt und Sie k\u00f6nnen ihn leichter erreichen. Wenn Sie eine Unterseite aufrufen, auf der eine Karte mit Google Maps verlinkt ist, werden Informationen \u00fcber Ihre Nutzung unserer Website (z. B. Ihre IP-Adresse) an einen Server von Google in den USA \u00fcbertragen. Dies geschieht unabh\u00e4ngig davon, ob Google das Nutzerkonto, \u00fcber das Sie sich eingeloggt haben, zur Verf\u00fcgung stellt, oder ob das Nutzerkonto nicht existiert. Wenn Sie bei Google eingeloggt sind, werden Ihre Daten direkt mit Ihrem Konto verkn\u00fcpft. Wenn Sie nicht mit Ihrem Google-Profil verkn\u00fcpft werden m\u00f6chten, m\u00fcssen Sie sich vor Aktivierung der Schaltfl\u00e4che abmelden. Google speichert Ihre Daten (auch f\u00fcr nicht eingeloggte Nutzer) als Nutzungsprofile und wertet sie aus. Wenn Sie mit der \u00dcbertragung Ihrer Daten an Google im Rahmen der Nutzung von Google Maps in Zukunft nicht einverstanden sind, besteht auch die M\u00f6glichkeit, den Webdienst Google Maps vollst\u00e4ndig zu deaktivieren, indem Sie die Verwendung von JavaScript in Ihrem Browser abschalten. Google Maps und die Darstellung von Karten auf dieser Website k\u00f6nnen dann nicht mehr genutzt werden.<\/p>\n<p><strong>Verwendung von Youtube-Videos<\/strong><\/p>\n<p>Diese Website nutzt die Youtube-Integrationsfunktion zur Darstellung und Wiedergabe von Videos des Anbieters \u201eYoutube\u201c, der zu der Firma Google LLC, 1600 Amphitheater Parkway, Mountain View, CA 94043, USA (\u201eGoogle\u201c) geh\u00f6rt. Dabei wird ein erweitertes Datenschutzverfahren verwendet, das nach Angaben des Anbieters die Speicherung von Nutzerinformationen erst beim Abspielen des Videos ausl\u00f6st. Bei der Wiedergabe von integrierten Youtube-Videos setzt der Anbieter \u201eYoutube\u201c Cookies ein, um Informationen \u00fcber das Nutzerverhalten zu sammeln. Sie dienen nach Angaben von YouTube unter anderem dazu, Videostatistiken zu erfassen, um die Benutzerfreundlichkeit zu verbessern und Missbrauch zu verhindern. Wenn Sie bei Google angemeldet sind, werden Ihre Daten direkt mit Ihrem Konto verkn\u00fcpft, wenn Sie auf ein Video klicken. Wenn Sie nicht m\u00f6chten, dass Ihre Daten mit Ihrem YouTube-Profil verkn\u00fcpft werden, m\u00fcssen Sie sich abmelden, bevor Sie die Schaltfl\u00e4che aktivieren. Google speichert Ihre Daten (auch f\u00fcr nicht eingeloggte Nutzer) als Nutzungsprofile und analysiert sie.<\/p>\n<p><strong>Minderj\u00e4hrige Benutzer<\/strong><\/p>\n<p>Wenn Sie minderj\u00e4hrig sind, m\u00fcssen Sie die Erlaubnis Ihrer Eltern oder Ihres Vormunds einholen, bevor Sie uns Informationen \u00fcber sich selbst geben. Minderj\u00e4hrigen Nutzern, die nicht \u00fcber eine solche Genehmigung verf\u00fcgen, ist es nicht gestattet, uns personenbezogene Daten mitzuteilen.<\/p>\n<p><strong>\u00c4nderungen an unserer Datenschutzrichtlinie<\/strong><\/p>\n<p>Stage Pro doo beh\u00e4lt sich das Recht vor, diese Datenschutzrichtlinie ohne vorherige Ank\u00fcndigung zu \u00e4ndern. Bitte \u00fcberpr\u00fcfen Sie daher die Bedingungen bei Ihrem n\u00e4chsten Besuch auf unserer Website erneut, damit Sie sich \u00fcber etwaige \u00c4nderungen informieren k\u00f6nnen. Wir werden alle Informationen \u00fcber \u00c4nderungen an unserer Datenschutzrichtlinie auf dieser Seite ver\u00f6ffentlichen. Das Datum der letzten \u00dcberarbeitung der Datenschutzrichtlinie steht oben auf der Seite.<\/p>\n<p><strong>\u00dcBER COOKIES<\/strong><\/p>\n<p>Ausf\u00fchrliche Informationen \u00fcber die Verwendung von Cookies und \u00e4hnlichen Technologien, die Methoden der Cookie-Verwaltung und die M\u00f6glichkeiten ihrer Nutzung auf unserer Website.<\/p>\n<p><strong>Einf\u00fchrung<\/strong><\/p>\n<p>Bei der Nutzung dieser Website kann STAGE PRO DOO \u00fcber Cookies bestimmte Informationen auf dem Computer des Nutzers speichern und so die Anzeige von auf Ihre Bed\u00fcrfnisse zugeschnittenen Informationen erm\u00f6glichen. Dieses Dokument enth\u00e4lt ausf\u00fchrliche Informationen \u00fcber die Verwendung von Cookies und \u00e4hnlichen Technologien, die Methoden der Cookie-Verwaltung und die Art und Weise, wie sie auf der STAGE PRO DOO Website eingesetzt werden.<\/p>\n<p><strong>Was ist ein Cookie (COOKIE)?<\/strong><\/p>\n<p>Ein Cookie ist eine kleine Datei, die auf dem Computer des Nutzers gespeichert wird, wenn Sie auf bestimmte Internetseiten zugreifen. Cookies erm\u00f6glichen es der Website, die Interessen des Nutzers zu erkennen, je nachdem, was der Nutzer bei der R\u00fcckkehr auf die Seite ausgew\u00e4hlt hat. Der Cookie selbst enth\u00e4lt oder sammelt keine Daten. Wenn es jedoch von einem Nutzer in Verbindung mit einem Internet-Browser eingerichtet wird, kann es der Website helfen, einen benutzerfreundlicheren Service zu bieten, indem es sich an fr\u00fchere Eink\u00e4ufe oder Kontodaten erinnert. Cookies werden im Speicher Ihres Browsers gespeichert und enthalten in der Regel Daten wie den Namen des Nutzers, von dem das Cookie validiert wurde, die Lebensdauer des Cookies und den Wert (in der Regel eine zuf\u00e4llig generierte eindeutige Nummer).<\/p>\n<p><strong>Welche Cookies wir verwenden und warum<\/strong><\/p>\n<p>STAGE PRO DOO verwendet Cookies, um die Besuche der eigenen Produkte und Dienstleistungen zu messen, an denen der Nutzer interessiert sein k\u00f6nnte. Die Anzeige von Werbung, die dem Nutzer von STAGE PRO DOO oder einem Partner geliefert wird, wird durch Cookies erm\u00f6glicht, die STAGE PRO DOO oder ein Dritter im Internetbrowser des Nutzers platzieren kann.<\/p>\n<p>STAGE PRO DOO doo verwendet auch Cookies, um Besuche zu messen und Produkte\/Dienstleistungen auf der Website selbst, in ALLEN Netzwerken und durch die Verwendung von Remarketing im Rahmen des Google-Analytics-Dienstes zu bewerben. Unter Verwendung von Cookies zeigen Drittanbieter (einschlie\u00dflich Google) in Zusammenarbeit mit der Firma STAGE PRO DOO Anzeigen von STAGE PRO DOO auf Websites im gesamten Internet an. Wir weisen insbesondere darauf hin, dass Sie die Google-Analytics-Dienste f\u00fcr die Webwerbung deaktivieren und die Anzeigen f\u00fcr das Google Area Network mit dem Tool anpassen k\u00f6nnen.<\/p>\n<p>Auch zum Zweck der Planung der Ver\u00f6ffentlichung von Inhalten, die Ihren Interessen entsprechen, und k\u00fcnftiger Marketingkampagnen verwenden wir das Google Analytics-Tool, bei dem wir Daten aus der Google-Werbung auf der Grundlage von Interessen oder Drittanbieter-Zielgruppendaten (z. B. Alter, Geschlecht und Interessen usw.) \u00fcber den Google Analytics-Dienst nutzen k\u00f6nnen.<\/p>\n<p>STAGE PRO DOO verwendet tempor\u00e4re Cookies (\u201eSession-Cookies\u201c) und permanente Cookies (\u201ePersistent Cookie\u201c). Au\u00dferdem sollte zwischen Erstanbieter-Cookies und Drittanbieter-Cookies unterschieden werden.<\/p>\n<p>Tempor\u00e4re Cookies oder Sitzungscookies sind Cookies, die vom Computer entfernt werden, wenn der Internetbrowser geschlossen wird. Mit ihnen speichern Websites vor\u00fcbergehende Daten, wie z. B. Artikel im Einkaufswagen.<\/p>\n<p>Permanente oder dauerhafte Cookies sind die Cookies, die nach dem Schlie\u00dfen des Internetbrowsers auf dem Computer verbleiben. Mit ihnen speichern Websites Informationen, wie z. B. den Anmeldenamen und das Passwort, damit Sie sich nicht jedes Mal anmelden m\u00fcssen, wenn Sie bestimmte Seiten besuchen. Dauerhafte Cookies k\u00f6nnen f\u00fcr Tage, Monate oder sogar Jahre auf Ihrem Computer verbleiben.<\/p>\n<p>Erstanbieter-Cookies sind Cookies, die von der Website stammen, die Sie gerade besuchen, und die dauerhaft oder vor\u00fcbergehend sein k\u00f6nnen. Mit Hilfe dieser Cookies k\u00f6nnen Websites Daten speichern, die beim n\u00e4chsten Besuch dieser Website wieder verwendet werden.<\/p>\n<p>Cookies von Drittanbietern stammen aus der Werbung anderer Internetseiten (z. B. Pop-up- oder andere Werbung), die sich auf der von Ihnen gerade angezeigten Internetseite befindet. Mit Hilfe dieser Cookies k\u00f6nnen Websites Ihre Nutzung des Internets zu Marketingzwecken verfolgen.<\/p>\n<p><strong>Cookie-Liste:<\/strong><\/p>\n<ul>\n<li>Cookies, die f\u00fcr das reibungslose Funktionieren der Website notwendig sind. \/ Statistik \/<\/li>\n<li>Cookies, die zur Analyse der Nutzung der Website verwendet werden. \/ marketing \/<\/li>\n<li>Cookies, die f\u00fcr gezielte Werbung, Analysen und die Optimierung von Marketinginhalten verwendet werden. \/ facebook.com \/<\/li>\n<li>Cookies, die verwendet werden, um die pers\u00f6nlichen Einstellungen des Nutzers auf der Website zu speichern.<\/li>\n<\/ul>\n<p><strong>Wie lange speichert Stage Pro doo Ihre Daten?<\/strong><\/p>\n<p>STAGE PRO DOO doo speichert alle personenbezogenen Daten, die Nutzer \u00fcber Webformulare hinterlassen, gem\u00e4\u00df den geltenden gesetzlichen Bestimmungen und ethischen Standards zur Speicherung, Meldung und Dokumentation personenbezogener Daten. Alle gesammelten Daten werden ausschlie\u00dflich zum Zweck der Abwicklung von Anfragen und Auftr\u00e4gen, die Sie auf unseren Seiten hinterlassen, verwendet. Der Zeitraum, in dem die Daten gespeichert werden, richtet sich nach dem Erreichen des Zwecks der Datenerhebung.<\/p>\n<p><strong>Wie Sie Cookies deaktivieren k\u00f6nnen<\/strong><\/p>\n<p>Wenn Sie es w\u00fcnschen, k\u00f6nnen Sie Cookies auf Ihrem Computer deaktivieren, aber das Blockieren aller Cookies k\u00f6nnte sich negativ auf die Nutzung vieler Internetseiten auswirken, einschlie\u00dflich der STAGE PRO DOO Website. Die Cookie-Einstellungen k\u00f6nnen in Ihrem Internet-Browser kontrolliert und eingestellt werden. Wenn Sie Cookies auf Ihrem Computer l\u00f6schen oder deaktivieren m\u00f6chten, m\u00fcssen Sie die Einstellungen Ihres Internetbrowsers aktualisieren (siehe Informationen zum L\u00f6schen und Deaktivieren von Cookies in Ihrem Internetbrowser, indem Sie den Hilfefilter w\u00e4hlen).<\/p>\n<p>Weitere Informationen erhalten Sie unter den folgenden Internetadressen:<\/p>\n<p><a href=\"http:\/\/www.allaboutcookies.org\/\" target=\"_blank\" rel=\"noopener\">http:\/\/www.allaboutcookies.org\/<\/a><br \/><a href=\"https:\/\/www.ec.europa.eu\/consumers\/odr\" target=\"_blank\" rel=\"noopener\">https:\/\/www.ec.europa.eu\/consumers\/odr<\/a><br \/><a href=\"http:\/\/www.aboutads.info\/choices\/\" target=\"_blank\" rel=\"noopener\">http:\/\/www.aboutads.info\/choices\/<\/a><\/p>\n<p>STAGE PRO DOO schlie\u00dft jegliche Verantwortung f\u00fcr den Verlust der Funktionalit\u00e4t der Dienste und der Qualit\u00e4t der Inhalte auf den STAGE PRO DOO-Benutzerseiten in allen F\u00e4llen aus, in denen der Benutzer die Einstellung des Empfangs von Cookies w\u00e4hlt.<\/p>\n<p>Sie k\u00f6nnen auch Google Analytics f\u00fcr Display-Netzwerk-Werbung deaktivieren und Google Display-Netzwerk-Anzeigen \u00fcber das Tool Ad Settings Manager anpassen, wenn Sie dies w\u00fcnschen.<\/p>\n<p><strong>Mehr \u00fcber Cookies<\/strong><\/p>\n<p>Auch soziale Netzwerke k\u00f6nnen Cookies auf Ihrem Computer ablegen. Dies geschieht auf Websites, die es Ihnen erm\u00f6glichen, sich \u00fcber Konten in sozialen Netzwerken anzumelden und zu registrieren, und wenn Sie den Inhalt der Website in sozialen Netzwerken teilen (z. B. \u00fcber \u201eGef\u00e4llt mir\u201c). Die konkreten Auswirkungen auf Ihre Privatsph\u00e4re sind von sozialem Netzwerk zu sozialem Netzwerk unterschiedlich und h\u00e4ngen von den Datenschutzeinstellungen ab, die Sie in diesen Netzwerken gew\u00e4hlt haben. Wie Sie diese Cookies verwalten k\u00f6nnen, erfahren Sie auf den jeweiligen Websites.<\/p>\n<p>STAGE PRO DOO respektiert die Anonymit\u00e4t und die Privatsph\u00e4re der Nutzer seiner Website. STAGE PRO DOO kann personenbezogene Daten der Nutzer, wie z.B. Name, Adresse, Telefonnummer oder E-Mail-Adresse sammeln, wenn der Nutzer diese freiwillig \u00fcber die Website oder andere Kommunikationskan\u00e4le an STAGE PRO DOO \u00fcbermittelt.<\/p>\n<p>STAGE PRO DOO verwendet die oben genannten Daten ausschlie\u00dflich zu dem Zweck, einen besseren Einblick und ein besseres Verst\u00e4ndnis f\u00fcr die individuellen Bed\u00fcrfnisse und Anforderungen der Nutzer zu erhalten sowie die M\u00f6glichkeit zu entwickeln, die bestm\u00f6gliche Qualit\u00e4t aller Dienstleistungen von STAGE PRO DOO zur Zufriedenheit der Nutzer zu erbringen. STAGE PRO DOO kann Partner f\u00fcr die Datenverarbeitung heranziehen und ein angemessenes Datenschutzniveau f\u00fcr die Nutzer vereinbaren, vorausgesetzt, STAGE PRO DOO gibt keine Informationen \u00fcber den jeweiligen Nutzer an den Partner weiter.<\/p>\n<\/div><\/div><\/div><\/div><\/div><\/div><\/section>\n","protected":false},"excerpt":{"rendered":"DATENSCHUTZPOLITIK Wir nehmen den Schutz Ihrer Daten ernst. Unsere Datenschutzpolitik ist so konzipiert, dass Sie \u00fcber unsere Praktiken hinsichtlich der Erfassung, Verwendung und Weitergabe der Daten, die Sie uns beim Zugriff auf www.stagepro.rs zur Verf\u00fcgung stellen, informiert sind. Bitte machen Sie sich mit den Regeln der Datenschutzpolitik vertraut, denn jede Nutzung dieser Website bedeutet, dass...","protected":false},"author":1,"featured_media":0,"parent":0,"menu_order":0,"comment_status":"closed","ping_status":"open","template":"","meta":{"footnotes":""},"class_list":["post-4469","page","type-page","status-publish","hentry"],"_links":{"self":[{"href":"https:\/\/stagepro.rs\/de\/wp-json\/wp\/v2\/pages\/4469","targetHints":{"allow":["GET"]}}],"collection":[{"href":"https:\/\/stagepro.rs\/de\/wp-json\/wp\/v2\/pages"}],"about":[{"href":"https:\/\/stagepro.rs\/de\/wp-json\/wp\/v2\/types\/page"}],"author":[{"embeddable":true,"href":"https:\/\/stagepro.rs\/de\/wp-json\/wp\/v2\/users\/1"}],"replies":[{"embeddable":true,"href":"https:\/\/stagepro.rs\/de\/wp-json\/wp\/v2\/comments?post=4469"}],"version-history":[{"count":0,"href":"https:\/\/stagepro.rs\/de\/wp-json\/wp\/v2\/pages\/4469\/revisions"}],"wp:attachment":[{"href":"https:\/\/stagepro.rs\/de\/wp-json\/wp\/v2\/media?parent=4469"}],"curies":[{"name":"wp","href":"https:\/\/api.w.org\/{rel}","templated":true}]}}