{"id":4480,"date":"2022-02-25T13:56:34","date_gmt":"2022-02-25T13:56:34","guid":{"rendered":"https:\/\/stagepro.rs\/neuigkeiten\/"},"modified":"2025-05-20T01:51:41","modified_gmt":"2025-05-20T01:51:41","slug":"neuigkeiten","status":"publish","type":"page","link":"https:\/\/stagepro.rs\/de\/neuigkeiten\/","title":{"rendered":"Neuigkeiten"},"content":{"rendered":"<section class=\"l-section wpb_row height_medium\"><div class=\"l-section-h i-cf\"><div class=\"g-cols vc_row via_grid cols_1 laptops-cols_inherit tablets-cols_inherit mobiles-cols_1 valign_top type_default stacking_default\"><div class=\"wpb_column vc_column_container\"><div class=\"vc_column-inner\"><h1 class=\"w-text us_custom_4f24afa8\"><span class=\"w-text-h\"><span class=\"w-text-value\">Nachrichten und Ereignisse<\/span><\/span><\/h1><div class=\"wpb_text_column\"><div class=\"wpb_wrapper\"><p>Willkommen auf der Seite News und Events der Firma Stage Pro &#8211; ein Ort, an dem Sie alle aktuellen Informationen aus der Welt der Veranstaltungsbranche sowie unsere Projekte, Innovationen und erfolgreich durchgef\u00fchrten Veranstaltungen verfolgen k\u00f6nnen.<\/p>\n<p>Ob es sich um die Organisation von gro\u00dfen Konzerten, Messen, Firmenveranstaltungen oder Festivals handelt, hier finden Sie die neuesten Nachrichten \u00fcber unsere Projekte, neue Dienstleistungen, Kooperationen und innovative L\u00f6sungen im Bereich der B\u00fchnentechnik und Eventhardware.<\/p>\n<p>Mit einem st\u00e4ndigen Streben nach Innovation und Qualit\u00e4tsverbesserung bleibt Stage Pro f\u00fchrend in der Gestaltung unvergesslicher Events. Mit dieser Seite m\u00f6chten wir Sie inspirieren, informieren und Ihnen unsere t\u00e4gliche Leidenschaft f\u00fcr Spitzenproduktionen n\u00e4her bringen.<\/p>\n<p>Folgen Sie uns und bleiben Sie auf dem Laufenden \u00fcber alle wichtigen Neuigkeiten und Veranstaltungen!<\/p>\n<\/div><\/div><div class=\"w-separator size_medium\"><\/div><div class=\"w-grid us_post_list type_grid layout_85 cols_3 pagination_load_on_scroll preload_style_spinner\" id=\"us_post_list_yea4\" style=\"--columns:3;--gap:20px;\" data-filterable=\"true\"><style>@media (max-width:1024px){#us_post_list_yea4{--columns:2!important}}@media (max-width:600px){#us_post_list_yea4{--columns:1!important}}.layout_85 .w-grid-item-h{background:#f0f0f0}.layout_85 .usg_vwrapper_1{border-radius:20px!important;background:url(https:\/\/stagepro.rs\/wp-content\/uploads\/2025\/05\/ol1.png) left top \/ contain!important;padding:24px 24px 50px 24px!important;border:2px solid var(--color-header-middle-text-hover)!important}.layout_85 .usg_post_image_1{border-radius:15px!important}.layout_85 .usg_post_date_1{margin-bottom:4px!important}<\/style><div class=\"w-grid-list\">\t<article class=\"w-grid-item size_1x1 post-4483 post type-post status-publish format-standard has-post-thumbnail hentry category-nicht-kategorisiert\" data-id=\"4483\">\r\n\t\t<div class=\"w-grid-item-h\">\r\n\t\t\t\t\t\t<div class=\"w-vwrapper usg_vwrapper_1 align_none valign_top\" style=\"--vwrapper-gap:1.20rem\"><div class=\"w-post-elm post_image usg_post_image_1 has_ratio\"><a href=\"https:\/\/stagepro.rs\/de\/eislaufbahn-auf-dem-platz-der-republik-belgrad-serbien-2019\/\" aria-label=\"Eislaufbahn auf dem Platz der Republik &#8211; Belgrad, Serbien 2019.\"><img loading=\"lazy\" decoding=\"async\" width=\"1024\" height=\"576\" src=\"https:\/\/stagepro.rs\/wp-content\/uploads\/2022\/02\/klizali-te-na-trgu-republike-beograd-srbija-2019-7-1024x576.jpg\" class=\"attachment-large size-large wp-post-image\" alt=\"\" \/><\/a><div style=\"padding-bottom:75%\"><\/div><\/div><time class=\"w-post-elm post_date usg_post_date_1 entry-date published\" datetime=\"2019-12-13T14:28:23+00:00\">13\/12\/2019<\/time><h4 class=\"w-post-elm post_title usg_post_title_1 entry-title color_link_inherit\"><a href=\"https:\/\/stagepro.rs\/de\/eislaufbahn-auf-dem-platz-der-republik-belgrad-serbien-2019\/\">Eislaufbahn auf dem Platz der Republik &#8211; Belgrad, Serbien 2019.<\/a><\/h4><div class=\"w-post-elm post_content usg_post_content_1\">Das Team von Stage Pro wurde in diesem Jahr beauftragt, eine traditionelle Silvestereisbahn zu errichten, diesmal jedoch auf dem Platz&hellip;<\/div><\/div>\t\t<\/div>\r\n\t\t\t<\/article>\r\n\t<article class=\"w-grid-item size_1x1 post-4486 post type-post status-publish format-standard has-post-thumbnail hentry category-nicht-kategorisiert\" data-id=\"4486\">\r\n\t\t<div class=\"w-grid-item-h\">\r\n\t\t\t\t\t\t<div class=\"w-vwrapper usg_vwrapper_1 align_none valign_top\" style=\"--vwrapper-gap:1.20rem\"><div class=\"w-post-elm post_image usg_post_image_1 has_ratio\"><a href=\"https:\/\/stagepro.rs\/de\/comtrade-serbien-marathon\/\" aria-label=\"ComTrade Serbien Marathon\"><img loading=\"lazy\" decoding=\"async\" width=\"1024\" height=\"576\" src=\"https:\/\/stagepro.rs\/wp-content\/uploads\/2025\/04\/comtrade-srbija-maraton-0-1024x576.jpg\" class=\"attachment-large size-large wp-post-image\" alt=\"\" \/><\/a><div style=\"padding-bottom:75%\"><\/div><\/div><time class=\"w-post-elm post_date usg_post_date_1 entry-date published\" datetime=\"2019-11-29T06:31:17+00:00\">29\/11\/2019<\/time><h4 class=\"w-post-elm post_title usg_post_title_1 entry-title color_link_inherit\"><a href=\"https:\/\/stagepro.rs\/de\/comtrade-serbien-marathon\/\">ComTrade Serbien Marathon<\/a><\/h4><div class=\"w-post-elm post_content usg_post_content_1\">Anl\u00e4sslich des ComTrade Serbia Marathons wurde das StagePro-Team mit dem Aufbau der B\u00fchnen, LED-Screen-Supports, Portale f\u00fcr die Start- und Zieltore,&hellip;<\/div><\/div>\t\t<\/div>\r\n\t\t\t<\/article>\r\n\t<article class=\"w-grid-item size_1x1 post-4488 post type-post status-publish format-standard has-post-thumbnail hentry category-nicht-kategorisiert\" data-id=\"4488\">\r\n\t\t<div class=\"w-grid-item-h\">\r\n\t\t\t\t\t\t<div class=\"w-vwrapper usg_vwrapper_1 align_none valign_top\" style=\"--vwrapper-gap:1.20rem\"><div class=\"w-post-elm post_image usg_post_image_1 has_ratio\"><a href=\"https:\/\/stagepro.rs\/de\/tag-der-republik-serbien-banja-luka\/\" aria-label=\"\u201eTAG DER REPUBLIK SERBIEN\u201c BANJA LUKA\"><img loading=\"lazy\" decoding=\"async\" width=\"1024\" height=\"614\" src=\"https:\/\/stagepro.rs\/wp-content\/uploads\/2025\/04\/dan-republike-srpske-banja-luka-0-1024x614.jpg\" class=\"attachment-large size-large wp-post-image\" alt=\"\" \/><\/a><div style=\"padding-bottom:75%\"><\/div><\/div><time class=\"w-post-elm post_date usg_post_date_1 entry-date published\" datetime=\"2019-09-30T12:15:44+00:00\">30\/09\/2019<\/time><h4 class=\"w-post-elm post_title usg_post_title_1 entry-title color_link_inherit\"><a href=\"https:\/\/stagepro.rs\/de\/tag-der-republik-serbien-banja-luka\/\">\u201eTAG DER REPUBLIK SERBIEN\u201c BANJA LUKA<\/a><\/h4><div class=\"w-post-elm post_content usg_post_content_1\">Die Republika Srpska feierte ihren 26. Geburtstag! In Banja Luka wurde der Tag der Republik mit einer Reihe von Veranstaltungen&hellip;<\/div><\/div>\t\t<\/div>\r\n\t\t\t<\/article>\r\n\t<article class=\"w-grid-item size_1x1 post-4491 post type-post status-publish format-standard has-post-thumbnail hentry category-nicht-kategorisiert\" data-id=\"4491\">\r\n\t\t<div class=\"w-grid-item-h\">\r\n\t\t\t\t\t\t<div class=\"w-vwrapper usg_vwrapper_1 align_none valign_top\" style=\"--vwrapper-gap:1.20rem\"><div class=\"w-post-elm post_image usg_post_image_1 has_ratio\"><a href=\"https:\/\/stagepro.rs\/de\/30-jaehriges-bestehen-der-firma-unipromet\/\" aria-label=\"30-j\u00e4hriges Bestehen der Firma \u201eUnipromet\u201c\"><img loading=\"lazy\" decoding=\"async\" width=\"1024\" height=\"768\" src=\"https:\/\/stagepro.rs\/wp-content\/uploads\/2025\/04\/30-godina-postojanja-firme-unipromet-2-1024x768.jpg\" class=\"attachment-large size-large wp-post-image\" alt=\"\" \/><\/a><div style=\"padding-bottom:75%\"><\/div><\/div><time class=\"w-post-elm post_date usg_post_date_1 entry-date published\" datetime=\"2019-09-07T12:18:05+00:00\">07\/09\/2019<\/time><h4 class=\"w-post-elm post_title usg_post_title_1 entry-title color_link_inherit\"><a href=\"https:\/\/stagepro.rs\/de\/30-jaehriges-bestehen-der-firma-unipromet\/\">30-j\u00e4hriges Bestehen der Firma \u201eUnipromet\u201c<\/a><\/h4><div class=\"w-post-elm post_content usg_post_content_1\">Anl\u00e4sslich des 30-j\u00e4hrigen Firmenjubil\u00e4ums von UNIPROMET haben wir eine B\u00fchne und eine Szenografie mit LED-Bildschirmen aufgebaut.<\/div><\/div>\t\t<\/div>\r\n\t\t\t<\/article>\r\n\t<article class=\"w-grid-item size_1x1 post-4494 post type-post status-publish format-standard has-post-thumbnail hentry category-nicht-kategorisiert\" data-id=\"4494\">\r\n\t\t<div class=\"w-grid-item-h\">\r\n\t\t\t\t\t\t<div class=\"w-vwrapper usg_vwrapper_1 align_none valign_top\" style=\"--vwrapper-gap:1.20rem\"><div class=\"w-post-elm post_image usg_post_image_1 has_ratio\"><a href=\"https:\/\/stagepro.rs\/de\/red-bull-flight-day-ada-ciganlija-belgrad-2019\/\" aria-label=\"Red Bull Flight Day, Ada Ciganlija, Belgrad 2019.\"><img loading=\"lazy\" decoding=\"async\" width=\"1024\" height=\"576\" src=\"https:\/\/stagepro.rs\/wp-content\/uploads\/2025\/04\/red-bull-flugtag-ada-ciganlija-beograd-2019-sr_rs-6-1024x576.jpg\" class=\"attachment-large size-large wp-post-image\" alt=\"\" \/><\/a><div style=\"padding-bottom:75%\"><\/div><\/div><time class=\"w-post-elm post_date usg_post_date_1 entry-date published\" datetime=\"2019-07-27T13:09:14+00:00\">27\/07\/2019<\/time><h4 class=\"w-post-elm post_title usg_post_title_1 entry-title color_link_inherit\"><a href=\"https:\/\/stagepro.rs\/de\/red-bull-flight-day-ada-ciganlija-belgrad-2019\/\">Red Bull Flight Day, Ada Ciganlija, Belgrad 2019.<\/a><\/h4><div class=\"w-post-elm post_content usg_post_content_1\">F\u00fcr den Red Bull Flugtag, der am 30. Juni dieses Jahres in Belgrad auf der Ada Ciganlija stattfand, wurde das&hellip;<\/div><\/div>\t\t<\/div>\r\n\t\t\t<\/article>\r\n\t<article class=\"w-grid-item size_1x1 post-4497 post type-post status-publish format-standard has-post-thumbnail hentry category-nicht-kategorisiert\" data-id=\"4497\">\r\n\t\t<div class=\"w-grid-item-h\">\r\n\t\t\t\t\t\t<div class=\"w-vwrapper usg_vwrapper_1 align_none valign_top\" style=\"--vwrapper-gap:1.20rem\"><div class=\"w-post-elm post_image usg_post_image_1 has_ratio\"><a href=\"https:\/\/stagepro.rs\/de\/internationale-landwirtschaftsmesse-novi-sad-april-2019\/\" aria-label=\"Internationale Landwirtschaftsmesse, Novi Sad, April 2019.\"><img loading=\"lazy\" decoding=\"async\" width=\"1024\" height=\"768\" src=\"https:\/\/stagepro.rs\/wp-content\/uploads\/2025\/04\/corteva3-1024x768.jpg\" class=\"attachment-large size-large wp-post-image\" alt=\"\" \/><\/a><div style=\"padding-bottom:75%\"><\/div><\/div><time class=\"w-post-elm post_date usg_post_date_1 entry-date published\" datetime=\"2019-07-27T12:21:21+00:00\">27\/07\/2019<\/time><h4 class=\"w-post-elm post_title usg_post_title_1 entry-title color_link_inherit\"><a href=\"https:\/\/stagepro.rs\/de\/internationale-landwirtschaftsmesse-novi-sad-april-2019\/\">Internationale Landwirtschaftsmesse, Novi Sad, April 2019.<\/a><\/h4><div class=\"w-post-elm post_content usg_post_content_1\">Die 86. wurde in Novi Sad er\u00f6ffnet. Die Internationale Landwirtschaftsmesse, an der mehr als 1.518 Aussteller teilnehmen, die den Besuchern&hellip;<\/div><\/div>\t\t<\/div>\r\n\t\t\t<\/article>\r\n\t<article class=\"w-grid-item size_1x1 post-4500 post type-post status-publish format-standard has-post-thumbnail hentry category-nicht-kategorisiert\" data-id=\"4500\">\r\n\t\t<div class=\"w-grid-item-h\">\r\n\t\t\t\t\t\t<div class=\"w-vwrapper usg_vwrapper_1 align_none valign_top\" style=\"--vwrapper-gap:1.20rem\"><div class=\"w-post-elm post_image usg_post_image_1 has_ratio\"><a href=\"https:\/\/stagepro.rs\/de\/kaffeemesse-koeln-april-2019\/\" aria-label=\"Kaffeemesse, K\u00f6ln, April 2019.\"><img loading=\"lazy\" decoding=\"async\" width=\"1024\" height=\"768\" src=\"https:\/\/stagepro.rs\/wp-content\/uploads\/2025\/04\/kafa2-1024x768.jpg\" class=\"attachment-large size-large wp-post-image\" alt=\"\" \/><\/a><div style=\"padding-bottom:75%\"><\/div><\/div><time class=\"w-post-elm post_date usg_post_date_1 entry-date published\" datetime=\"2019-05-12T13:10:29+00:00\">12\/05\/2019<\/time><h4 class=\"w-post-elm post_title usg_post_title_1 entry-title color_link_inherit\"><a href=\"https:\/\/stagepro.rs\/de\/kaffeemesse-koeln-april-2019\/\">Kaffeemesse, K\u00f6ln, April 2019.<\/a><\/h4><div class=\"w-post-elm post_content usg_post_content_1\">Die Eu&#8217;Vend &amp; coffeena 2019 ist eine Messe, die sich auf Handel und Kaffee konzentriert. Drei Tage lang, vom 9.&hellip;<\/div><\/div>\t\t<\/div>\r\n\t\t\t<\/article>\r\n\t<article class=\"w-grid-item size_1x1 post-4503 post type-post status-publish format-standard has-post-thumbnail hentry category-nicht-kategorisiert\" data-id=\"4503\">\r\n\t\t<div class=\"w-grid-item-h\">\r\n\t\t\t\t\t\t<div class=\"w-vwrapper usg_vwrapper_1 align_none valign_top\" style=\"--vwrapper-gap:1.20rem\"><div class=\"w-post-elm post_image usg_post_image_1 has_ratio\"><a href=\"https:\/\/stagepro.rs\/de\/militaerparade-nis-april-2019\/\" aria-label=\"Milit\u00e4rparade, Nis, April 2019.\"><img loading=\"lazy\" decoding=\"async\" width=\"1024\" height=\"574\" src=\"https:\/\/stagepro.rs\/wp-content\/uploads\/2025\/04\/VP2-1024x574.jpg\" class=\"attachment-large size-large wp-post-image\" alt=\"\" \/><\/a><div style=\"padding-bottom:75%\"><\/div><\/div><time class=\"w-post-elm post_date usg_post_date_1 entry-date published\" datetime=\"2019-05-11T13:11:57+00:00\">11\/05\/2019<\/time><h4 class=\"w-post-elm post_title usg_post_title_1 entry-title color_link_inherit\"><a href=\"https:\/\/stagepro.rs\/de\/militaerparade-nis-april-2019\/\">Milit\u00e4rparade, Nis, April 2019.<\/a><\/h4><div class=\"w-post-elm post_content usg_post_content_1\">Anl\u00e4sslich des Tages des Sieges \u00fcber den Faschismus fand in Ni\u0161 eine Milit\u00e4rparade statt, und an der zentralen Feier \u201eVerteidigung&hellip;<\/div><\/div>\t\t<\/div>\r\n\t\t\t<\/article>\r\n\t<article class=\"w-grid-item size_1x1 post-4506 post type-post status-publish format-standard has-post-thumbnail hentry category-nicht-kategorisiert\" data-id=\"4506\">\r\n\t\t<div class=\"w-grid-item-h\">\r\n\t\t\t\t\t\t<div class=\"w-vwrapper usg_vwrapper_1 align_none valign_top\" style=\"--vwrapper-gap:1.20rem\"><div class=\"w-post-elm post_image usg_post_image_1 has_ratio\"><a href=\"https:\/\/stagepro.rs\/de\/serbische-digitale-woche-belgrad-april-2019\/\" aria-label=\"Serbische Digitale Woche, Belgrad, April 2019.\"><img loading=\"lazy\" decoding=\"async\" width=\"960\" height=\"720\" src=\"https:\/\/stagepro.rs\/wp-content\/uploads\/2025\/04\/BGW2.jpg\" class=\"attachment-large size-large wp-post-image\" alt=\"\" \/><\/a><div style=\"padding-bottom:75%\"><\/div><\/div><time class=\"w-post-elm post_date usg_post_date_1 entry-date published\" datetime=\"2019-05-07T13:13:46+00:00\">07\/05\/2019<\/time><h4 class=\"w-post-elm post_title usg_post_title_1 entry-title color_link_inherit\"><a href=\"https:\/\/stagepro.rs\/de\/serbische-digitale-woche-belgrad-april-2019\/\">Serbische Digitale Woche, Belgrad, April 2019.<\/a><\/h4><div class=\"w-post-elm post_content usg_post_content_1\">Anfang April fand in Belgrad die serbische digitale Woche statt, deren H\u00f6hepunkt der Western Balkans Digital Summit war, der am&hellip;<\/div><\/div>\t\t<\/div>\r\n\t\t\t<\/article>\r\n\t<article class=\"w-grid-item size_1x1 post-4509 post type-post status-publish format-standard has-post-thumbnail hentry category-nicht-kategorisiert\" data-id=\"4509\">\r\n\t\t<div class=\"w-grid-item-h\">\r\n\t\t\t\t\t\t<div class=\"w-vwrapper usg_vwrapper_1 align_none valign_top\" style=\"--vwrapper-gap:1.20rem\"><div class=\"w-post-elm post_image usg_post_image_1 has_ratio\"><a href=\"https:\/\/stagepro.rs\/de\/sava-osiguranje-familienlauf-belgrad-2019\/\" aria-label=\"Sava osiguranje Familienlauf, Belgrad 2019.\"><img loading=\"lazy\" decoding=\"async\" width=\"620\" height=\"350\" src=\"https:\/\/stagepro.rs\/wp-content\/uploads\/2025\/04\/sava1.jpg\" class=\"attachment-large size-large wp-post-image\" alt=\"\" \/><\/a><div style=\"padding-bottom:75%\"><\/div><\/div><time class=\"w-post-elm post_date usg_post_date_1 entry-date published\" datetime=\"2019-04-01T13:15:58+00:00\">01\/04\/2019<\/time><h4 class=\"w-post-elm post_title usg_post_title_1 entry-title color_link_inherit\"><a href=\"https:\/\/stagepro.rs\/de\/sava-osiguranje-familienlauf-belgrad-2019\/\">Sava osiguranje Familienlauf, Belgrad 2019.<\/a><\/h4><div class=\"w-post-elm post_content usg_post_content_1\">Neben der Absicherung unserer Athleten bei den Hallen-Europameisterschaften in Glasgow wird Sava Insurance nun auch alle Teilnehmer des vom serbischen&hellip;<\/div><\/div>\t\t<\/div>\r\n\t\t\t<\/article>\r\n\t<article class=\"w-grid-item size_1x1 post-4512 post type-post status-publish format-standard has-post-thumbnail hentry category-nicht-kategorisiert\" data-id=\"4512\">\r\n\t\t<div class=\"w-grid-item-h\">\r\n\t\t\t\t\t\t<div class=\"w-vwrapper usg_vwrapper_1 align_none valign_top\" style=\"--vwrapper-gap:1.20rem\"><div class=\"w-post-elm post_image usg_post_image_1 has_ratio\"><a href=\"https:\/\/stagepro.rs\/de\/vierte-internationale-konferenz-strategischer-dialog-von-belgrad\/\" aria-label=\"Vierte internationale Konferenz \u201eStrategischer Dialog von Belgrad\u201c\"><img loading=\"lazy\" decoding=\"async\" width=\"960\" height=\"539\" src=\"https:\/\/stagepro.rs\/wp-content\/uploads\/2025\/04\/BSD9.jpg\" class=\"attachment-large size-large wp-post-image\" alt=\"\" \/><\/a><div style=\"padding-bottom:75%\"><\/div><\/div><time class=\"w-post-elm post_date usg_post_date_1 entry-date published\" datetime=\"2019-03-18T13:20:21+00:00\">18\/03\/2019<\/time><h4 class=\"w-post-elm post_title usg_post_title_1 entry-title color_link_inherit\"><a href=\"https:\/\/stagepro.rs\/de\/vierte-internationale-konferenz-strategischer-dialog-von-belgrad\/\">Vierte internationale Konferenz \u201eStrategischer Dialog von Belgrad\u201c<\/a><\/h4><div class=\"w-post-elm post_content usg_post_content_1\">Heute findet in Belgrad die vierte internationale Konferenz Belgrader Strategischer Dialog (BSD) mit dem Titel &#8222;Zwanzig Jahre nach der Bombardierung&hellip;<\/div><\/div>\t\t<\/div>\r\n\t\t\t<\/article>\r\n\t<article class=\"w-grid-item size_1x1 post-4515 post type-post status-publish format-standard has-post-thumbnail hentry category-nicht-kategorisiert\" data-id=\"4515\">\r\n\t\t<div class=\"w-grid-item-h\">\r\n\t\t\t\t\t\t<div class=\"w-vwrapper usg_vwrapper_1 align_none valign_top\" style=\"--vwrapper-gap:1.20rem\"><div class=\"w-post-elm post_image usg_post_image_1 has_ratio\"><a href=\"https:\/\/stagepro.rs\/de\/zweites-internationales-mma-turnier-zlatibor-serbien-2019\/\" aria-label=\"Zweites internationales MMA-Turnier &#8211; Zlatibor, Serbien 2019.\"><img loading=\"lazy\" decoding=\"async\" width=\"1024\" height=\"768\" src=\"https:\/\/stagepro.rs\/wp-content\/uploads\/2025\/04\/MMA-Zlatibor-2019-1024x768.jpg\" class=\"attachment-large size-large wp-post-image\" alt=\"\" \/><\/a><div style=\"padding-bottom:75%\"><\/div><\/div><time class=\"w-post-elm post_date usg_post_date_1 entry-date published\" datetime=\"2019-02-16T13:22:35+00:00\">16\/02\/2019<\/time><h4 class=\"w-post-elm post_title usg_post_title_1 entry-title color_link_inherit\"><a href=\"https:\/\/stagepro.rs\/de\/zweites-internationales-mma-turnier-zlatibor-serbien-2019\/\">Zweites internationales MMA-Turnier &#8211; Zlatibor, Serbien 2019.<\/a><\/h4><div class=\"w-post-elm post_content usg_post_content_1\">Das zweite internationale MMA-Kickboxing-K1-Turnier findet heute, am 16. Februar, in der Halle \u201eWai Tai\u201c des Sport- und Tourismuszentrums \u201eZlatibor\u201c in&hellip;<\/div><\/div>\t\t<\/div>\r\n\t\t\t<\/article>\r\n<\/div><div class=\"g-loadmore\"><div class=\"g-preloader type_1\"><div><\/div><\/div><\/div><div class=\"w-grid-list-json hidden\" onclick='return {&quot;max_num_pages&quot;:4,&quot;pagination&quot;:&quot;load_on_scroll&quot;,&quot;paged&quot;:1,&quot;ajaxData&quot;:{&quot;_nonce&quot;:&quot;8296790127&quot;,&quot;action&quot;:&quot;us_ajax_post_list&quot;,&quot;meta_type&quot;:&quot;post&quot;,&quot;object_id&quot;:0,&quot;template_vars&quot;:{&quot;paged&quot;:1,&quot;max_num_pages&quot;:4,&quot;no_results&quot;:false,&quot;source&quot;:&quot;all&quot;,&quot;ids&quot;:&quot;&quot;,&quot;post_type&quot;:&quot;post&quot;,&quot;post_author&quot;:&quot;any&quot;,&quot;post_author_ids&quot;:&quot;&quot;,&quot;apply_url_params&quot;:0,&quot;exclude_children&quot;:0,&quot;exclude_current_post&quot;:1,&quot;exclude_prev_posts&quot;:0,&quot;enable_items_offset&quot;:0,&quot;items_offset&quot;:&quot;1&quot;,&quot;tax_query_relation&quot;:&quot;none&quot;,&quot;tax_query&quot;:[{&quot;operator&quot;:&quot;IN&quot;,&quot;taxonomy&quot;:&quot;category&quot;,&quot;terms&quot;:&quot;&quot;,&quot;include_children&quot;:0}],&quot;meta_query_relation&quot;:&quot;none&quot;,&quot;meta_query&quot;:[{&quot;key&quot;:&quot;custom_field_name&quot;,&quot;compare&quot;:&quot;=&quot;,&quot;value&quot;:&quot;&quot;}],&quot;orderby&quot;:&quot;date&quot;,&quot;orderby_custom_field&quot;:&quot;&quot;,&quot;orderby_custom_type&quot;:0,&quot;order_invert&quot;:&quot;1&quot;,&quot;show_all&quot;:0,&quot;quantity&quot;:&quot;12&quot;,&quot;no_items_action&quot;:&quot;message&quot;,&quot;no_items_message&quot;:&quot;Es wurden keine Ergebnisse gefunden.&quot;,&quot;no_items_page_block&quot;:&quot;&quot;,&quot;pagination&quot;:&quot;load_on_scroll&quot;,&quot;pagination_style&quot;:&quot;&quot;,&quot;pagination_btn_text&quot;:&quot;Mehr laden&quot;,&quot;pagination_btn_size&quot;:&quot;&quot;,&quot;pagination_btn_style&quot;:&quot;1&quot;,&quot;pagination_btn_fullwidth&quot;:0,&quot;items_layout&quot;:&quot;85&quot;,&quot;type&quot;:&quot;grid&quot;,&quot;items_valign&quot;:0,&quot;ignore_items_size&quot;:0,&quot;columns&quot;:&quot;3&quot;,&quot;items_gap&quot;:&quot;20px&quot;,&quot;load_animation&quot;:&quot;none&quot;,&quot;items_preload_style&quot;:&quot;spinner&quot;,&quot;img_size&quot;:&quot;default&quot;,&quot;title_size&quot;:&quot;&quot;,&quot;items_ratio&quot;:&quot;default&quot;,&quot;items_ratio_width&quot;:&quot;21&quot;,&quot;items_ratio_height&quot;:&quot;9&quot;,&quot;overriding_link&quot;:&quot;%7B%22url%22%3A%22%22%7D&quot;,&quot;popup_width&quot;:&quot;&quot;,&quot;popup_arrows&quot;:1,&quot;breakpoint_1_width&quot;:&quot;1381px&quot;,&quot;breakpoint_1_cols&quot;:&quot;default&quot;,&quot;breakpoint_1_quantity&quot;:&quot;&quot;,&quot;breakpoint_1_gap&quot;:&quot;&quot;,&quot;breakpoint_2_width&quot;:&quot;1025px&quot;,&quot;breakpoint_2_cols&quot;:&quot;2&quot;,&quot;breakpoint_2_quantity&quot;:&quot;&quot;,&quot;breakpoint_2_gap&quot;:&quot;&quot;,&quot;breakpoint_3_width&quot;:&quot;601px&quot;,&quot;breakpoint_3_cols&quot;:&quot;1&quot;,&quot;breakpoint_3_quantity&quot;:&quot;&quot;,&quot;breakpoint_3_gap&quot;:&quot;&quot;,&quot;conditions_operator&quot;:&quot;always&quot;,&quot;conditions&quot;:[],&quot;css&quot;:null,&quot;el_class&quot;:&quot;&quot;,&quot;el_id&quot;:&quot;&quot;,&quot;enable_custom_html_atts&quot;:0,&quot;custom_html_atts&quot;:null,&quot;hide_on_states&quot;:&quot;&quot;,&quot;hide_for_sticky&quot;:0,&quot;hide_for_not_sticky&quot;:0,&quot;hide_below&quot;:&quot;0px&quot;,&quot;hide_above&quot;:&quot;0px&quot;,&quot;classes&quot;:&quot;&quot;}},&quot;facetedFilter&quot;:[]}'><\/div><\/div><\/div><\/div><\/div><\/div><\/section>\n","protected":false},"excerpt":{"rendered":"Das zweite internationale MMA-Kickboxing-K1-Turnier findet heute, am 16. Februar, in der Halle \u201eWai Tai\u201c des Sport- und Tourismuszentrums \u201eZlatibor\u201c in Zlatibor statt. Der Sponsor des Turniers ist die Gemeinde \u010cajetina, die Organisatoren sind die Athletic Fighting Championship (AFC) und der Sportverband \u010cajetina. An dem Turnier, bei dem alle K\u00e4mpfe im Achteck nach den AFC-K1-Regeln ausgetragen...","protected":false},"author":1,"featured_media":0,"parent":0,"menu_order":0,"comment_status":"closed","ping_status":"closed","template":"","meta":{"footnotes":""},"class_list":["post-4480","page","type-page","status-publish","hentry"],"_links":{"self":[{"href":"https:\/\/stagepro.rs\/de\/wp-json\/wp\/v2\/pages\/4480","targetHints":{"allow":["GET"]}}],"collection":[{"href":"https:\/\/stagepro.rs\/de\/wp-json\/wp\/v2\/pages"}],"about":[{"href":"https:\/\/stagepro.rs\/de\/wp-json\/wp\/v2\/types\/page"}],"author":[{"embeddable":true,"href":"https:\/\/stagepro.rs\/de\/wp-json\/wp\/v2\/users\/1"}],"replies":[{"embeddable":true,"href":"https:\/\/stagepro.rs\/de\/wp-json\/wp\/v2\/comments?post=4480"}],"version-history":[{"count":0,"href":"https:\/\/stagepro.rs\/de\/wp-json\/wp\/v2\/pages\/4480\/revisions"}],"wp:attachment":[{"href":"https:\/\/stagepro.rs\/de\/wp-json\/wp\/v2\/media?parent=4480"}],"curies":[{"name":"wp","href":"https:\/\/api.w.org\/{rel}","templated":true}]}}