{"id":4642,"date":"2022-02-25T13:56:49","date_gmt":"2022-02-25T13:56:49","guid":{"rendered":"https:\/\/stagepro.rs\/angebot\/"},"modified":"2025-05-22T10:08:27","modified_gmt":"2025-05-22T10:08:27","slug":"angebot","status":"publish","type":"page","link":"https:\/\/stagepro.rs\/de\/angebot\/","title":{"rendered":"Angebot"},"content":{"rendered":"<section class=\"l-section wpb_row height_medium\"><div class=\"l-section-h i-cf\"><div class=\"g-cols vc_row via_grid cols_1 laptops-cols_inherit tablets-cols_inherit mobiles-cols_1 valign_top type_default stacking_default\"><div class=\"wpb_column vc_column_container\"><div class=\"vc_column-inner\"><div class=\"wpb_text_column\"><div class=\"wpb_wrapper\"><h1>WIR SCHAFFEN EINE UNVERGESSLICHE ATMOSPH\u00c4RE<\/h1>\n<p>Die Firma Stage Pro bietet ein komplettes Angebot an Produkten und Dienstleistungen f\u00fcr alle Arten von Veranstaltungen &#8211; von kleinen Versammlungen bis hin zu den gr\u00f6\u00dften Musikfestivals und Firmenveranstaltungen.<\/p>\n<p>Unser Angebot umfasst die Vermietung von B\u00fchnen, Trib\u00fcnen, VIP-Logen, Trib\u00fcnen, Treppen, Sonderkonstruktionen, Schutzz\u00e4unen sowie LED-Bildschirmen h\u00f6chster Qualit\u00e4t. Neben der erstklassigen Ausstattung bieten wir auch die komplette Montage, den technischen Support und die Veranstaltungsorganisation auf h\u00f6chstem professionellem Niveau.<\/p>\n<p>Ganz gleich, ob Sie eine komplette Produktion oder ein einzelnes Ger\u00e4t ben\u00f6tigen, mit dem Team von Stage Pro erhalten Sie Zuverl\u00e4ssigkeit, Kompetenz und Flexibilit\u00e4t mit garantierter Qualit\u00e4t bei jedem Projekt.<\/p>\n<p>Entdecken Sie, warum die gr\u00f6\u00dften Marken, Stars und Eventveranstalter uns ihr Vertrauen schenken!<\/p>\n<\/div><\/div><div class=\"w-separator size_small\"><\/div><div class=\"w-grid us_post_list type_grid layout_93 cols_3 preload_style_spinner ratio_1x1\" id=\"us_post_list_ceb6\" style=\"--columns:3;--gap:20px;--item-ratio:1;\" data-filterable=\"true\"><style>@media (max-width:1023px){#us_post_list_ceb6{--columns:2!important}}@media (max-width:959px){#us_post_list_ceb6{--columns:1!important}}.layout_93 .w-grid-item-h{color:#ffffff;border-radius:0.5rem}.layout_93 .usg_vwrapper_1{transition-duration:0.3s;transform-origin:50% 50%;transform:scale(1) translate(0%,0%)}.layout_93 .w-grid-item-h:hover .usg_vwrapper_1{transform:scale(1) translate(0%,0%);opacity:1;color:#ffffff!important}@media(max-width:409px){.layout_93 .usg_post_content_1{display:none!important}}.layout_93 .usg_vwrapper_1{border-radius:0.5rem!important;position:absolute!important;left:0!important;top:0!important;bottom:0!important;right:0!important;padding:24px!important;background:rgba(0,0,0,0.45)!important;border:2px solid #ffffff!important}.layout_93 .usg_btn_1{font-size:1.2rem!important;font-style:normal!important}.layout_93 .usg_hwrapper_1{margin-top:auto!important}.layout_93 .usg_post_title_3{color:#ffffff!important}<\/style><div class=\"w-grid-list\">\t<article class=\"w-grid-item size_1x1 custom-link post-4639 us_portfolio type-us_portfolio status-publish has-post-thumbnail hentry\" data-id=\"4639\">\r\n\t\t<div class=\"w-grid-item-h\" style=\"background:url(https:\/\/stagepro.rs\/wp-content\/uploads\/2022\/03\/1-1024x614.jpg) center\/cover no-repeat;\">\r\n\t\t\t\t\t\t\t<a href=\"#\" aria-label=\"Konzertb\u00fchnen\"><\/a>\r\n\t\t\t\t\t\t<div class=\"w-vwrapper usg_vwrapper_1 align_none valign_top\"><h5 class=\"w-post-elm post_title usg_post_title_3 has_text_color entry-title color_link_inherit\">Konzertb\u00fchnen<\/h5><div class=\"w-post-elm post_content usg_post_content_1\"><p>Stage Pro bietet seinen Kunden eine gro\u00dfe Anzahl von verschiedenen B\u00fchnen f\u00fcr Konzerte und andere Veranstaltungen.<br \/>\nWir sind auch in der Lage, spezielle B\u00fchnen f\u00fcr Ihre Bed\u00fcrfnisse zu bauen. Die besten Beispiele daf\u00fcr sind die B\u00fchne in Form eines Hasenkopfes auf dem Mad Festival sowie die speziellen B\u00fchnen, die wir jedes Jahr f\u00fcr das Love Fest, Exit, Sea Dance und andere Veranstaltungen bauen.<\/p>\n<\/div><div class=\"w-hwrapper usg_hwrapper_1 align_none valign_top\" style=\"--hwrapper-gap:1.20rem\"><a class=\"w-btn us-btn-style_1 usg_btn_1\" href=\"https:\/\/stagepro.rs\/de\/products\/konzertbuehnen\/\"><span class=\"w-btn-label\">Mehr entdecken<\/span><\/a><\/div><\/div>\t\t<\/div>\r\n\t\t\t<\/article>\r\n\t<article class=\"w-grid-item size_1x1 custom-link post-4636 us_portfolio type-us_portfolio status-publish has-post-thumbnail hentry\" data-id=\"4636\">\r\n\t\t<div class=\"w-grid-item-h\" style=\"background:url(https:\/\/stagepro.rs\/wp-content\/uploads\/2025\/04\/Stage-Pro-Tribine-1.jpg) center\/cover no-repeat;\">\r\n\t\t\t\t\t\t\t<a href=\"#\" aria-label=\"Trib\u00fcnen\"><\/a>\r\n\t\t\t\t\t\t<div class=\"w-vwrapper usg_vwrapper_1 align_none valign_top\"><h5 class=\"w-post-elm post_title usg_post_title_3 has_text_color entry-title color_link_inherit\">Trib\u00fcnen<\/h5><div class=\"w-post-elm post_content usg_post_content_1\"><p>Stage Pro baut Trib\u00fcnen f\u00fcr alle Arten von Veranstaltungen, mit der M\u00f6glichkeit, Kunststoffsitze hinzuzuf\u00fcgen.<br \/>\nUnsere Trib\u00fcnen k\u00f6nnen an Ihre Bed\u00fcrfnisse und die von Ihnen ben\u00f6tigte Sitzplatzkapazit\u00e4t angepasst werden.<\/p>\n<\/div><div class=\"w-hwrapper usg_hwrapper_1 align_none valign_top\" style=\"--hwrapper-gap:1.20rem\"><a class=\"w-btn us-btn-style_1 usg_btn_1\" href=\"https:\/\/stagepro.rs\/de\/products\/tribuenen\/\"><span class=\"w-btn-label\">Mehr entdecken<\/span><\/a><\/div><\/div>\t\t<\/div>\r\n\t\t\t<\/article>\r\n\t<article class=\"w-grid-item size_1x1 custom-link post-4629 us_portfolio type-us_portfolio status-publish has-post-thumbnail hentry\" data-id=\"4629\">\r\n\t\t<div class=\"w-grid-item-h\" style=\"background:url(https:\/\/stagepro.rs\/wp-content\/uploads\/2025\/04\/Stage-Pro-Bematrix-standovi-4-1024x614.jpg) center\/cover no-repeat;\">\r\n\t\t\t\t\t\t\t<a href=\"#\" aria-label=\"System Standbau\"><\/a>\r\n\t\t\t\t\t\t<div class=\"w-vwrapper usg_vwrapper_1 align_none valign_top\"><h5 class=\"w-post-elm post_title usg_post_title_3 has_text_color entry-title color_link_inherit\">System Standbau<\/h5><div class=\"w-post-elm post_content usg_post_content_1\"><p>Ob Sie eine einfache Promo-Ecke oder ein komplexes, kreatives Setup f\u00fcr eine prestigetr\u00e4chtige Pr\u00e4sentation auf einer Messe ben\u00f6tigen, unser Team ist darauf spezialisiert, St\u00e4nde zu kreieren, die einen starken visuellen Eindruck hinterlassen und Ihre Marke optimal zur Geltung bringen.<\/p>\n<\/div><div class=\"w-hwrapper usg_hwrapper_1 align_none valign_top\" style=\"--hwrapper-gap:1.20rem\"><a class=\"w-btn us-btn-style_1 usg_btn_1\" href=\"https:\/\/stagepro.rs\/de\/products\/system-standbau\/\"><span class=\"w-btn-label\">Mehr entdecken<\/span><\/a><\/div><\/div>\t\t<\/div>\r\n\t\t\t<\/article>\r\n\t<article class=\"w-grid-item size_1x1 custom-link post-4626 us_portfolio type-us_portfolio status-publish has-post-thumbnail hentry\" data-id=\"4626\">\r\n\t\t<div class=\"w-grid-item-h\" style=\"background:url(https:\/\/stagepro.rs\/wp-content\/uploads\/2025\/04\/Stage-Pro-VIP-loze-5.jpg) center\/cover no-repeat;\">\r\n\t\t\t\t\t\t\t<a href=\"#\" aria-label=\"VIP-Logen\"><\/a>\r\n\t\t\t\t\t\t<div class=\"w-vwrapper usg_vwrapper_1 align_none valign_top\"><h5 class=\"w-post-elm post_title usg_post_title_3 has_text_color entry-title color_link_inherit\">VIP-Logen<\/h5><div class=\"w-post-elm post_content usg_post_content_1\"><p>Seit vielen Jahren bieten wir auch VIP-Logen an, die f\u00fcr die wichtigsten G\u00e4ste Ihrer Veranstaltung bestimmt sind. Die VIP-Logen werden von uns an die Art Ihrer Veranstaltung und die Kapazit\u00e4t der G\u00e4ste angepasst.<\/p>\n<\/div><div class=\"w-hwrapper usg_hwrapper_1 align_none valign_top\" style=\"--hwrapper-gap:1.20rem\"><a class=\"w-btn us-btn-style_1 usg_btn_1\" href=\"https:\/\/stagepro.rs\/de\/products\/vip-logen\/\"><span class=\"w-btn-label\">Mehr entdecken<\/span><\/a><\/div><\/div>\t\t<\/div>\r\n\t\t\t<\/article>\r\n\t<article class=\"w-grid-item size_1x1 custom-link post-4623 us_portfolio type-us_portfolio status-publish has-post-thumbnail hentry\" data-id=\"4623\">\r\n\t\t<div class=\"w-grid-item-h\" style=\"background:url(https:\/\/stagepro.rs\/wp-content\/uploads\/2025\/04\/34.jpg) center\/cover no-repeat;\">\r\n\t\t\t\t\t\t\t<a href=\"#\" aria-label=\"Treppe\"><\/a>\r\n\t\t\t\t\t\t<div class=\"w-vwrapper usg_vwrapper_1 align_none valign_top\"><h5 class=\"w-post-elm post_title usg_post_title_3 has_text_color entry-title color_link_inherit\">Treppe<\/h5><div class=\"w-post-elm post_content usg_post_content_1\"><p>Wir bieten auch den Bau von verstellbaren Treppen an. Das beste Beispiel ist die Treppe, die wir auf dem EXIT Festival in Novi Sad installiert haben.<\/p>\n<\/div><div class=\"w-hwrapper usg_hwrapper_1 align_none valign_top\" style=\"--hwrapper-gap:1.20rem\"><a class=\"w-btn us-btn-style_1 usg_btn_1\" href=\"https:\/\/stagepro.rs\/de\/products\/treppe\/\"><span class=\"w-btn-label\">Mehr entdecken<\/span><\/a><\/div><\/div>\t\t<\/div>\r\n\t\t\t<\/article>\r\n\t<article class=\"w-grid-item size_1x1 custom-link post-4620 us_portfolio type-us_portfolio status-publish has-post-thumbnail hentry\" data-id=\"4620\">\r\n\t\t<div class=\"w-grid-item-h\" style=\"background:url(https:\/\/stagepro.rs\/wp-content\/uploads\/2025\/04\/25.jpg) center\/cover no-repeat;\">\r\n\t\t\t\t\t\t\t<a href=\"#\" aria-label=\"Besondere Konstruktionen\"><\/a>\r\n\t\t\t\t\t\t<div class=\"w-vwrapper usg_vwrapper_1 align_none valign_top\"><h5 class=\"w-post-elm post_title usg_post_title_3 has_text_color entry-title color_link_inherit\">Besondere Konstruktionen<\/h5><div class=\"w-post-elm post_content usg_post_content_1\"><p>Stage Pro bietet seinen Kunden Dachkonstruktionen an. Dachkonstruktionen werden verwendet, um die G\u00e4ste Ihrer Veranstaltung vor unvorhergesehenen Wetterbedingungen zu sch\u00fctzen.<\/p>\n<\/div><div class=\"w-hwrapper usg_hwrapper_1 align_none valign_top\" style=\"--hwrapper-gap:1.20rem\"><a class=\"w-btn us-btn-style_1 usg_btn_1\" href=\"https:\/\/stagepro.rs\/de\/products\/besondere-konstruktionen\/\"><span class=\"w-btn-label\">Mehr entdecken<\/span><\/a><\/div><\/div>\t\t<\/div>\r\n\t\t\t<\/article>\r\n\t<article class=\"w-grid-item size_1x1 custom-link post-4617 us_portfolio type-us_portfolio status-publish has-post-thumbnail hentry\" data-id=\"4617\">\r\n\t\t<div class=\"w-grid-item-h\" style=\"background:url(https:\/\/stagepro.rs\/wp-content\/uploads\/2025\/04\/26.jpg) center\/cover no-repeat;\">\r\n\t\t\t\t\t\t\t<a href=\"#\" aria-label=\"Leitplanken und B\u00f6den\"><\/a>\r\n\t\t\t\t\t\t<div class=\"w-vwrapper usg_vwrapper_1 align_none valign_top\"><h5 class=\"w-post-elm post_title usg_post_title_3 has_text_color entry-title color_link_inherit\">Leitplanken und B\u00f6den<\/h5><div class=\"w-post-elm post_content usg_post_content_1\"><p>Wir bieten eine gro\u00dfe Anzahl unterschiedlicher und anpassbarer Z\u00e4une an. Vorgefertigte Z\u00e4une sind der beste Weg, um den Zuschauerbereich vom K\u00fcnstlerbereich zu trennen.<\/p>\n<\/div><div class=\"w-hwrapper usg_hwrapper_1 align_none valign_top\" style=\"--hwrapper-gap:1.20rem\"><a class=\"w-btn us-btn-style_1 usg_btn_1\" href=\"https:\/\/stagepro.rs\/de\/products\/leitplanken-und-boeden\/\"><span class=\"w-btn-label\">Mehr entdecken<\/span><\/a><\/div><\/div>\t\t<\/div>\r\n\t\t\t<\/article>\r\n\t<article class=\"w-grid-item size_1x1 custom-link post-4614 us_portfolio type-us_portfolio status-publish has-post-thumbnail hentry\" data-id=\"4614\">\r\n\t\t<div class=\"w-grid-item-h\" style=\"background:url(https:\/\/stagepro.rs\/wp-content\/uploads\/2025\/04\/reference_39-1024x680.jpg) center\/cover no-repeat;\">\r\n\t\t\t\t\t\t\t<a href=\"#\" aria-label=\"LED-Bildschirme\"><\/a>\r\n\t\t\t\t\t\t<div class=\"w-vwrapper usg_vwrapper_1 align_none valign_top\"><h5 class=\"w-post-elm post_title usg_post_title_3 has_text_color entry-title color_link_inherit\">LED-Bildschirme<\/h5><div class=\"w-post-elm post_content usg_post_content_1\"><p>Suchen Sie einen zuverl\u00e4ssigen Partner f\u00fcr die Vermietung von LED-Leinw\u00e4nden f\u00fcr Ihre Veranstaltung? Stage Pro ist die richtige L\u00f6sung f\u00fcr Sie!<br \/>\nGanz gleich, ob Sie eine Firmenveranstaltung, ein Konzert, ein Sportereignis oder eine festliche Feier organisieren, wir wissen, wie wichtig es ist, ein einwandfreies visuelles Erlebnis zu haben.<\/p>\n<\/div><div class=\"w-hwrapper usg_hwrapper_1 align_none valign_top\" style=\"--hwrapper-gap:1.20rem\"><a class=\"w-btn us-btn-style_1 usg_btn_1\" href=\"https:\/\/stagepro.rs\/de\/products\/led-bildschirme\/\"><span class=\"w-btn-label\">Mehr entdecken<\/span><\/a><\/div><\/div>\t\t<\/div>\r\n\t\t\t<\/article>\r\n\t<article class=\"w-grid-item size_1x1 custom-link post-4611 us_portfolio type-us_portfolio status-publish has-post-thumbnail hentry\" data-id=\"4611\">\r\n\t\t<div class=\"w-grid-item-h\" style=\"background:url(https:\/\/stagepro.rs\/wp-content\/uploads\/2025\/04\/reference_7-1024x576.jpg) center\/cover no-repeat;\">\r\n\t\t\t\t\t\t\t<a href=\"#\" aria-label=\"Organisation von Veranstaltungen\"><\/a>\r\n\t\t\t\t\t\t<div class=\"w-vwrapper usg_vwrapper_1 align_none valign_top\"><h5 class=\"w-post-elm post_title usg_post_title_3 has_text_color entry-title color_link_inherit\">Organisation von Veranstaltungen<\/h5><div class=\"w-post-elm post_content usg_post_content_1\"><p>Stage Pro bietet einen kompletten Service f\u00fcr die Organisation von Veranstaltungen, die Organisation von Konzerten und Manifestationen. Wir bieten Event-Hardware, Event-Management und Vermietung von Konzert-Equipment. Kontaktieren Sie uns f\u00fcr Top-Events!<\/p>\n<\/div><div class=\"w-hwrapper usg_hwrapper_1 align_none valign_top\" style=\"--hwrapper-gap:1.20rem\"><a class=\"w-btn us-btn-style_1 usg_btn_1\" href=\"https:\/\/stagepro.rs\/de\/products\/organisation-von-veranstaltungen\/\"><span class=\"w-btn-label\">Mehr entdecken<\/span><\/a><\/div><\/div>\t\t<\/div>\r\n\t\t\t<\/article>\r\n<\/div><div class=\"g-loadmore hidden\"><div class=\"g-preloader type_1\"><div><\/div><\/div><\/div><div class=\"w-grid-list-json hidden\" onclick='return {&quot;max_num_pages&quot;:0,&quot;pagination&quot;:&quot;none&quot;,&quot;paged&quot;:1,&quot;ajaxData&quot;:{&quot;_nonce&quot;:&quot;1f2db8a7b3&quot;,&quot;action&quot;:&quot;us_ajax_post_list&quot;,&quot;meta_type&quot;:&quot;post&quot;,&quot;object_id&quot;:0,&quot;template_vars&quot;:{&quot;paged&quot;:1,&quot;max_num_pages&quot;:0,&quot;no_results&quot;:false,&quot;source&quot;:&quot;all&quot;,&quot;ids&quot;:&quot;&quot;,&quot;post_type&quot;:&quot;us_portfolio&quot;,&quot;post_author&quot;:&quot;any&quot;,&quot;post_author_ids&quot;:&quot;&quot;,&quot;apply_url_params&quot;:0,&quot;exclude_children&quot;:0,&quot;exclude_current_post&quot;:1,&quot;exclude_prev_posts&quot;:0,&quot;enable_items_offset&quot;:0,&quot;items_offset&quot;:&quot;1&quot;,&quot;tax_query_relation&quot;:&quot;none&quot;,&quot;tax_query&quot;:[{&quot;operator&quot;:&quot;IN&quot;,&quot;taxonomy&quot;:&quot;category&quot;,&quot;terms&quot;:&quot;&quot;,&quot;include_children&quot;:0}],&quot;meta_query_relation&quot;:&quot;none&quot;,&quot;meta_query&quot;:[{&quot;key&quot;:&quot;custom_field_name&quot;,&quot;compare&quot;:&quot;=&quot;,&quot;value&quot;:&quot;&quot;}],&quot;orderby&quot;:&quot;date&quot;,&quot;orderby_custom_field&quot;:&quot;&quot;,&quot;orderby_custom_type&quot;:0,&quot;order_invert&quot;:0,&quot;show_all&quot;:0,&quot;quantity&quot;:&quot;10&quot;,&quot;no_items_action&quot;:&quot;message&quot;,&quot;no_items_message&quot;:&quot;Es wurden keine Ergebnisse gefunden.&quot;,&quot;no_items_page_block&quot;:&quot;&quot;,&quot;pagination&quot;:&quot;none&quot;,&quot;pagination_style&quot;:&quot;&quot;,&quot;pagination_btn_text&quot;:&quot;Mehr laden&quot;,&quot;pagination_btn_size&quot;:&quot;&quot;,&quot;pagination_btn_style&quot;:&quot;1&quot;,&quot;pagination_btn_fullwidth&quot;:0,&quot;items_layout&quot;:&quot;93&quot;,&quot;type&quot;:&quot;grid&quot;,&quot;items_valign&quot;:0,&quot;ignore_items_size&quot;:0,&quot;columns&quot;:&quot;3&quot;,&quot;items_gap&quot;:&quot;20px&quot;,&quot;load_animation&quot;:&quot;none&quot;,&quot;items_preload_style&quot;:&quot;spinner&quot;,&quot;img_size&quot;:&quot;default&quot;,&quot;title_size&quot;:&quot;&quot;,&quot;items_ratio&quot;:&quot;default&quot;,&quot;items_ratio_width&quot;:&quot;21&quot;,&quot;items_ratio_height&quot;:&quot;9&quot;,&quot;overriding_link&quot;:&quot;{\\&quot;url\\&quot;:\\&quot;\\&quot;}&quot;,&quot;popup_width&quot;:&quot;&quot;,&quot;popup_arrows&quot;:1,&quot;breakpoint_1_width&quot;:&quot;1381px&quot;,&quot;breakpoint_1_cols&quot;:&quot;4&quot;,&quot;breakpoint_1_quantity&quot;:&quot;&quot;,&quot;breakpoint_1_gap&quot;:&quot;&quot;,&quot;breakpoint_2_width&quot;:&quot;1024px&quot;,&quot;breakpoint_2_cols&quot;:&quot;2&quot;,&quot;breakpoint_2_quantity&quot;:&quot;&quot;,&quot;breakpoint_2_gap&quot;:&quot;&quot;,&quot;breakpoint_3_width&quot;:&quot;960px&quot;,&quot;breakpoint_3_cols&quot;:&quot;1&quot;,&quot;breakpoint_3_quantity&quot;:&quot;&quot;,&quot;breakpoint_3_gap&quot;:&quot;&quot;,&quot;conditions_operator&quot;:&quot;always&quot;,&quot;conditions&quot;:[],&quot;css&quot;:null,&quot;el_class&quot;:&quot;&quot;,&quot;el_id&quot;:&quot;&quot;,&quot;enable_custom_html_atts&quot;:0,&quot;custom_html_atts&quot;:null,&quot;hide_on_states&quot;:&quot;&quot;,&quot;hide_for_sticky&quot;:0,&quot;hide_for_not_sticky&quot;:0,&quot;hide_below&quot;:&quot;0px&quot;,&quot;hide_above&quot;:&quot;0px&quot;,&quot;classes&quot;:&quot;&quot;}},&quot;facetedFilter&quot;:[]}'><\/div><\/div><\/div><\/div><\/div><\/div><\/section>\n","protected":false},"excerpt":{"rendered":"Veranstaltungsorganisation &#8211; Stage Pro Jede erfolgreiche Veranstaltung erfordert sorgf\u00e4ltige Planung, Organisation und erstklassige Veranstaltungshardware. Von kleinen Gesch\u00e4ftstreffen bis hin zu gro\u00dfen Konzerten bietet Stage Pro Komplettl\u00f6sungen f\u00fcr die Organisation von Veranstaltungen und Manifestationen aller Art. Als f\u00fchrendes Unternehmen in der Veranstaltungsbranche haben wir uns auf die Bereitstellung von hochwertigem Eventmanagement-Equipment und Dienstleistungen spezialisiert, einschlie\u00dflich der...","protected":false},"author":1,"featured_media":0,"parent":0,"menu_order":0,"comment_status":"closed","ping_status":"closed","template":"","meta":{"footnotes":""},"class_list":["post-4642","page","type-page","status-publish","hentry"],"_links":{"self":[{"href":"https:\/\/stagepro.rs\/de\/wp-json\/wp\/v2\/pages\/4642","targetHints":{"allow":["GET"]}}],"collection":[{"href":"https:\/\/stagepro.rs\/de\/wp-json\/wp\/v2\/pages"}],"about":[{"href":"https:\/\/stagepro.rs\/de\/wp-json\/wp\/v2\/types\/page"}],"author":[{"embeddable":true,"href":"https:\/\/stagepro.rs\/de\/wp-json\/wp\/v2\/users\/1"}],"replies":[{"embeddable":true,"href":"https:\/\/stagepro.rs\/de\/wp-json\/wp\/v2\/comments?post=4642"}],"version-history":[{"count":0,"href":"https:\/\/stagepro.rs\/de\/wp-json\/wp\/v2\/pages\/4642\/revisions"}],"wp:attachment":[{"href":"https:\/\/stagepro.rs\/de\/wp-json\/wp\/v2\/media?parent=4642"}],"curies":[{"name":"wp","href":"https:\/\/api.w.org\/{rel}","templated":true}]}}